{"id":5271,"date":"2025-08-21T14:10:20","date_gmt":"2025-08-21T14:10:20","guid":{"rendered":"https:\/\/hello-ai.eu\/generativ-ai-utbildning\/"},"modified":"2025-12-05T10:15:45","modified_gmt":"2025-12-05T10:15:45","slug":"generativ-ai-utbildning","status":"publish","type":"page","link":"https:\/\/hello-ai.eu\/sv\/ai-kurs\/generativ-ai-utbildning\/","title":{"rendered":"Generativ AI-utbildning"},"content":{"rendered":"\t\t<div data-elementor-type=\"wp-page\" data-elementor-id=\"5271\" class=\"elementor elementor-5271 elementor-2766\" data-elementor-post-type=\"page\">\n\t\t\t\t<div class=\"elementor-element elementor-element-2c3ed6b4 e-flex e-con-boxed e-con e-parent\" data-id=\"2c3ed6b4\" data-element_type=\"container\" data-settings=\"{&quot;background_background&quot;:&quot;gradient&quot;,&quot;shape_divider_bottom&quot;:&quot;waves&quot;}\">\n\t\t\t\t\t<div class=\"e-con-inner\">\n\t\t\t\t<div class=\"elementor-shape elementor-shape-bottom\" aria-hidden=\"true\" data-negative=\"false\">\n\t\t\t<svg xmlns=\"http:\/\/www.w3.org\/2000\/svg\" viewBox=\"0 0 1000 100\" preserveAspectRatio=\"none\">\n\t<path class=\"elementor-shape-fill\" d=\"M421.9,6.5c22.6-2.5,51.5,0.4,75.5,5.3c23.6,4.9,70.9,23.5,100.5,35.7c75.8,32.2,133.7,44.5,192.6,49.7\n\tc23.6,2.1,48.7,3.5,103.4-2.5c54.7-6,106.2-25.6,106.2-25.6V0H0v30.3c0,0,72,32.6,158.4,30.5c39.2-0.7,92.8-6.7,134-22.4\n\tc21.2-8.1,52.2-18.2,79.7-24.2C399.3,7.9,411.6,7.5,421.9,6.5z\"\/>\n<\/svg>\t\t<\/div>\n\t\t<div class=\"elementor-element elementor-element-14023900 e-con-full e-flex e-con e-child\" data-id=\"14023900\" data-element_type=\"container\">\n\t\t\t\t<div class=\"elementor-element elementor-element-5b51dfdd elementor-widget elementor-widget-heading\" data-id=\"5b51dfdd\" data-element_type=\"widget\" data-widget_type=\"heading.default\">\n\t\t\t\t<div class=\"elementor-widget-container\">\n\t\t\t\t\t<h1 class=\"elementor-heading-title elementor-size-default\"><b>Generativ AI<\/b>-utbildning<\/h1>\t\t\t\t<\/div>\n\t\t\t\t<\/div>\n\t\t\t\t<div class=\"elementor-element elementor-element-17ae9304 elementor-widget elementor-widget-text-editor\" data-id=\"17ae9304\" data-element_type=\"widget\" data-widget_type=\"text-editor.default\">\n\t\t\t\t<div class=\"elementor-widget-container\">\n\t\t\t\t\t\t\t\t\t<p>Generativ AI \u00e4r en typ av artificiell intelligens som kan skapa nytt inneh\u00e5ll som text, bilder, ljud eller till och med kod. Ist\u00e4llet f\u00f6r att bara analysera befintlig data genererar den originellt resultat baserat p\u00e5 vad den har l\u00e4rt sig fr\u00e5n stora datam\u00e4ngder. Verktyg som ChatGPT, DALL\u00b7E och Midjourney \u00e4r exempel p\u00e5 generativ AI som hj\u00e4lper f\u00f6retag att skriva inneh\u00e5ll, designa visuellt material, automatisera uppgifter och utveckla nya id\u00e9er snabbare och mer effektivt.  <\/p>\t\t\t\t\t\t\t\t<\/div>\n\t\t\t\t<\/div>\n\t\t\t\t<div class=\"elementor-element elementor-element-4214746d elementor-mobile-align-center elementor-widget elementor-widget-button\" data-id=\"4214746d\" data-element_type=\"widget\" data-widget_type=\"button.default\">\n\t\t\t\t<div class=\"elementor-widget-container\">\n\t\t\t\t\t\t\t\t\t<div class=\"elementor-button-wrapper\">\n\t\t\t\t\t<a class=\"elementor-button elementor-button-link elementor-size-md\" href=\"#about\">\n\t\t\t\t\t\t<span class=\"elementor-button-content-wrapper\">\n\t\t\t\t\t\t<span class=\"elementor-button-icon\">\n\t\t\t\t<svg aria-hidden=\"true\" class=\"e-font-icon-svg e-far-comment-alt\" viewBox=\"0 0 512 512\" xmlns=\"http:\/\/www.w3.org\/2000\/svg\"><path d=\"M448 0H64C28.7 0 0 28.7 0 64v288c0 35.3 28.7 64 64 64h96v84c0 7.1 5.8 12 12 12 2.4 0 4.9-.7 7.1-2.4L304 416h144c35.3 0 64-28.7 64-64V64c0-35.3-28.7-64-64-64zm16 352c0 8.8-7.2 16-16 16H288l-12.8 9.6L208 428v-60H64c-8.8 0-16-7.2-16-16V64c0-8.8 7.2-16 16-16h384c8.8 0 16 7.2 16 16v288z\"><\/path><\/svg>\t\t\t<\/span>\n\t\t\t\t\t\t\t\t\t<span class=\"elementor-button-text\">Redo att arbeta smartare? L\u00e5t oss prata. <\/span>\n\t\t\t\t\t<\/span>\n\t\t\t\t\t<\/a>\n\t\t\t\t<\/div>\n\t\t\t\t\t\t\t\t<\/div>\n\t\t\t\t<\/div>\n\t\t\t\t<\/div>\n\t\t<div class=\"elementor-element elementor-element-9809b21 e-con-full e-flex e-con e-child\" data-id=\"9809b21\" data-element_type=\"container\">\n\t\t\t\t<\/div>\n\t\t\t\t\t<\/div>\n\t\t\t\t<\/div>\n\t\t<div class=\"elementor-element elementor-element-103e44f9 e-flex e-con-boxed e-con e-parent\" data-id=\"103e44f9\" data-element_type=\"container\">\n\t\t\t\t\t<div class=\"e-con-inner\">\n\t\t<div class=\"elementor-element elementor-element-1cf827c6 e-con-full e-flex e-con e-child\" data-id=\"1cf827c6\" data-element_type=\"container\">\n\t\t\t\t<div class=\"elementor-element elementor-element-421ef693 elementor-widget elementor-widget-image\" data-id=\"421ef693\" data-element_type=\"widget\" data-widget_type=\"image.default\">\n\t\t\t\t<div class=\"elementor-widget-container\">\n\t\t\t\t\t\t\t\t\t\t\t\t\t\t\t<img fetchpriority=\"high\" decoding=\"async\" width=\"2560\" height=\"1707\" src=\"https:\/\/hello-ai.eu\/wp-content\/uploads\/2025\/08\/cursus-AI-scaled.webp\" class=\"attachment-full size-full wp-image-1950\" alt=\"Course AI\" srcset=\"https:\/\/hello-ai.eu\/wp-content\/uploads\/2025\/08\/cursus-AI-scaled.webp 2560w, https:\/\/hello-ai.eu\/wp-content\/uploads\/2025\/08\/cursus-AI-300x200.webp 300w, https:\/\/hello-ai.eu\/wp-content\/uploads\/2025\/08\/cursus-AI-1024x683.webp 1024w, https:\/\/hello-ai.eu\/wp-content\/uploads\/2025\/08\/cursus-AI-768x512.webp 768w, https:\/\/hello-ai.eu\/wp-content\/uploads\/2025\/08\/cursus-AI-1536x1024.webp 1536w, https:\/\/hello-ai.eu\/wp-content\/uploads\/2025\/08\/cursus-AI-2048x1365.webp 2048w, https:\/\/hello-ai.eu\/wp-content\/uploads\/2025\/08\/cursus-AI-600x400.webp 600w\" sizes=\"(max-width: 2560px) 100vw, 2560px\" \/>\t\t\t\t\t\t\t\t\t\t\t\t\t\t\t<\/div>\n\t\t\t\t<\/div>\n\t\t\t\t<\/div>\n\t\t<div class=\"elementor-element elementor-element-55b04a8 e-con-full e-flex e-con e-child\" data-id=\"55b04a8\" data-element_type=\"container\">\n\t\t\t\t<div class=\"elementor-element elementor-element-2f7527b7 elementor-widget elementor-widget-heading\" data-id=\"2f7527b7\" data-element_type=\"widget\" data-widget_type=\"heading.default\">\n\t\t\t\t<div class=\"elementor-widget-container\">\n\t\t\t\t\t<h2 class=\"elementor-heading-title elementor-size-default\">Generativ AI-utbildning<\/h2>\t\t\t\t<\/div>\n\t\t\t\t<\/div>\n\t\t\t\t<div class=\"elementor-element elementor-element-3b1d9a5c elementor-widget elementor-widget-text-editor\" data-id=\"3b1d9a5c\" data-element_type=\"widget\" data-widget_type=\"text-editor.default\">\n\t\t\t\t<div class=\"elementor-widget-container\">\n\t\t\t\t\t\t\t\t\t<p><strong>L\u00e4ngd<\/strong>: 3 timmar<br><strong>Format<\/strong>: P\u00e5 plats eller online-utbildning<br><strong>Spr\u00e5k:<\/strong> Nederl\u00e4ndska eller engelska<br><strong>Niv\u00e5<\/strong>: F\u00f6r deltagare utan eller med grundl\u00e4ggande AI-erfarenhet<\/p>\t\t\t\t\t\t\t\t<\/div>\n\t\t\t\t<\/div>\n\t\t\t\t<div class=\"elementor-element elementor-element-47326ff3 elementor-widget elementor-widget-button\" data-id=\"47326ff3\" data-element_type=\"widget\" data-widget_type=\"button.default\">\n\t\t\t\t<div class=\"elementor-widget-container\">\n\t\t\t\t\t\t\t\t\t<div class=\"elementor-button-wrapper\">\n\t\t\t\t\t<a class=\"elementor-button elementor-button-link elementor-size-sm\" href=\"https:\/\/hello-ai.eu\/sv\/kontakta-oss\/\">\n\t\t\t\t\t\t<span class=\"elementor-button-content-wrapper\">\n\t\t\t\t\t\t\t\t\t<span class=\"elementor-button-text\">Beg\u00e4r en offert<\/span>\n\t\t\t\t\t<\/span>\n\t\t\t\t\t<\/a>\n\t\t\t\t<\/div>\n\t\t\t\t\t\t\t\t<\/div>\n\t\t\t\t<\/div>\n\t\t\t\t<\/div>\n\t\t\t\t\t<\/div>\n\t\t\t\t<\/div>\n\t\t<div class=\"elementor-element elementor-element-762de8df e-flex e-con-boxed e-con e-parent\" data-id=\"762de8df\" data-element_type=\"container\">\n\t\t\t\t\t<div class=\"e-con-inner\">\n\t\t\t\t<div class=\"elementor-element elementor-element-105ea58b elementor-widget-divider--view-line elementor-widget elementor-widget-divider\" data-id=\"105ea58b\" data-element_type=\"widget\" data-widget_type=\"divider.default\">\n\t\t\t\t<div class=\"elementor-widget-container\">\n\t\t\t\t\t\t\t<div class=\"elementor-divider\">\n\t\t\t<span class=\"elementor-divider-separator\">\n\t\t\t\t\t\t<\/span>\n\t\t<\/div>\n\t\t\t\t\t\t<\/div>\n\t\t\t\t<\/div>\n\t\t\t\t<div class=\"elementor-element elementor-element-57007766 elementor-widget elementor-widget-heading\" data-id=\"57007766\" data-element_type=\"widget\" data-widget_type=\"heading.default\">\n\t\t\t\t<div class=\"elementor-widget-container\">\n\t\t\t\t\t<h2 class=\"elementor-heading-title elementor-size-default\">Kurs\u00f6versikt generativ AI<\/h2>\t\t\t\t<\/div>\n\t\t\t\t<\/div>\n\t\t\t\t<div class=\"elementor-element elementor-element-54a9fd79 elementor-widget__width-initial elementor-widget elementor-widget-text-editor\" data-id=\"54a9fd79\" data-element_type=\"widget\" data-widget_type=\"text-editor.default\">\n\t\t\t\t<div class=\"elementor-widget-container\">\n\t\t\t\t\t\t\t\t\t<p><strong>Denna utbildning fokuserar helt p\u00e5 att anv\u00e4nda Generativ AI som en kraftfull assistent i ditt dagliga arbete.<\/strong><\/p><p>Generativ AI \u00e4r en gren av artificiell intelligens som g\u00e5r l\u00e4ngre \u00e4n att analysera befintlig data \u2013 den skapar n\u00e5got nytt. Ist\u00e4llet f\u00f6r att bara k\u00e4nna igen m\u00f6nster eller g\u00f6ra f\u00f6ruts\u00e4gelser kan generativ AI producera text, bilder, ljud, video och till och med datorkod som inte existerade tidigare. Den g\u00f6r detta genom att anv\u00e4nda avancerade maskininl\u00e4rningsmodeller, tr\u00e4nade p\u00e5 enorma datam\u00e4ngder, f\u00f6r att f\u00f6rst\u00e5 m\u00f6nster och relationer i spr\u00e5k, visuellt material och andra typer av information.  <\/p><p>N\u00e4r du ger en uppmaning som &#8221;Skriv ett e-postmeddelande till en kund om en f\u00f6rsenad order&#8221; eller &#8221;Skapa en bild av en modern kontorsbyggnad i solnedg\u00e5ngen&#8221; genererar AI ett unikt resultat baserat p\u00e5 vad den har l\u00e4rt sig. Resultatet \u00e4r inte en kopia av n\u00e5got den har sett tidigare, utan en ny skapelse som matchar beg\u00e4ran. <\/p><h4>Exempel p\u00e5 generativ AI i praktiken<\/h4><p><strong>Textgenerering:<\/strong> verktyg som ChatGPT kan skriva artiklar, sammanfatta rapporter, skissa e-postmeddelanden eller brainstorma id\u00e9er.<\/p><p><strong>Bildgenerering:<\/strong> plattformar som DALL\u00b7E eller Midjourney skapar unika bilder fr\u00e5n skriftliga beskrivningar.<\/p><p><strong>Ljud och video:<\/strong> AI kan generera syntetiska r\u00f6ster, komponera musik eller skapa korta videoklipp.<\/p><p><strong>Programmering:<\/strong> assistenter som GitHub Copilot hj\u00e4lper utvecklare att skriva och f\u00f6rb\u00e4ttra kod.<\/p>\t\t\t\t\t\t\t\t<\/div>\n\t\t\t\t<\/div>\n\t\t\t\t<div class=\"elementor-element elementor-element-5c6d55d elementor-widget elementor-widget-button\" data-id=\"5c6d55d\" data-element_type=\"widget\" data-widget_type=\"button.default\">\n\t\t\t\t<div class=\"elementor-widget-container\">\n\t\t\t\t\t\t\t\t\t<div class=\"elementor-button-wrapper\">\n\t\t\t\t\t<a class=\"elementor-button elementor-button-link elementor-size-sm\" href=\"https:\/\/hello-ai.eu\/sv\/kontakta-oss\/\">\n\t\t\t\t\t\t<span class=\"elementor-button-content-wrapper\">\n\t\t\t\t\t\t\t\t\t<span class=\"elementor-button-text\">Beg\u00e4r en offert<\/span>\n\t\t\t\t\t<\/span>\n\t\t\t\t\t<\/a>\n\t\t\t\t<\/div>\n\t\t\t\t\t\t\t\t<\/div>\n\t\t\t\t<\/div>\n\t\t\t\t\t<\/div>\n\t\t\t\t<\/div>\n\t\t<div class=\"elementor-element elementor-element-307e893c e-flex e-con-boxed e-con e-parent\" data-id=\"307e893c\" data-element_type=\"container\">\n\t\t\t\t\t<div class=\"e-con-inner\">\n\t\t<div class=\"elementor-element elementor-element-6669d8bd e-con-full e-flex e-con e-child\" data-id=\"6669d8bd\" data-element_type=\"container\">\n\t\t\t\t<div class=\"elementor-element elementor-element-78ce83c2 elementor-view-default elementor-position-top elementor-mobile-position-top elementor-widget elementor-widget-icon-box\" data-id=\"78ce83c2\" data-element_type=\"widget\" data-widget_type=\"icon-box.default\">\n\t\t\t\t<div class=\"elementor-widget-container\">\n\t\t\t\t\t\t\t<div class=\"elementor-icon-box-wrapper\">\n\n\t\t\t\t\t\t<div class=\"elementor-icon-box-icon\">\n\t\t\t\t<span  class=\"elementor-icon\">\n\t\t\t\t<svg aria-hidden=\"true\" class=\"e-font-icon-svg e-fas-users\" viewBox=\"0 0 640 512\" xmlns=\"http:\/\/www.w3.org\/2000\/svg\"><path d=\"M96 224c35.3 0 64-28.7 64-64s-28.7-64-64-64-64 28.7-64 64 28.7 64 64 64zm448 0c35.3 0 64-28.7 64-64s-28.7-64-64-64-64 28.7-64 64 28.7 64 64 64zm32 32h-64c-17.6 0-33.5 7.1-45.1 18.6 40.3 22.1 68.9 62 75.1 109.4h66c17.7 0 32-14.3 32-32v-32c0-35.3-28.7-64-64-64zm-256 0c61.9 0 112-50.1 112-112S381.9 32 320 32 208 82.1 208 144s50.1 112 112 112zm76.8 32h-8.3c-20.8 10-43.9 16-68.5 16s-47.6-6-68.5-16h-8.3C179.6 288 128 339.6 128 403.2V432c0 26.5 21.5 48 48 48h288c26.5 0 48-21.5 48-48v-28.8c0-63.6-51.6-115.2-115.2-115.2zm-223.7-13.4C161.5 263.1 145.6 256 128 256H64c-35.3 0-64 28.7-64 64v32c0 17.7 14.3 32 32 32h65.9c6.3-47.4 34.9-87.3 75.2-109.4z\"><\/path><\/svg>\t\t\t\t<\/span>\n\t\t\t<\/div>\n\t\t\t\n\t\t\t\t\t\t<div class=\"elementor-icon-box-content\">\n\n\t\t\t\t\t\t\t\t\t<h3 class=\"elementor-icon-box-title\">\n\t\t\t\t\t\t<span  >\n\t\t\t\t\t\t\tYrkesverksamma som vill veta mer om Generativ AI \t\t\t\t\t\t<\/span>\n\t\t\t\t\t<\/h3>\n\t\t\t\t\n\t\t\t\t\t\t\t\t\t<p class=\"elementor-icon-box-description\">\n\t\t\t\t\t\t\n\n\n\n\t\t\t\t\t<\/p>\n\t\t\t\t\n\t\t\t<\/div>\n\t\t\t\n\t\t<\/div>\n\t\t\t\t\t\t<\/div>\n\t\t\t\t<\/div>\n\t\t\t\t<\/div>\n\t\t<div class=\"elementor-element elementor-element-635baeab e-con-full e-flex e-con e-child\" data-id=\"635baeab\" data-element_type=\"container\">\n\t\t\t\t<div class=\"elementor-element elementor-element-552d1ad7 elementor-view-default elementor-position-top elementor-mobile-position-top elementor-widget elementor-widget-icon-box\" data-id=\"552d1ad7\" data-element_type=\"widget\" data-widget_type=\"icon-box.default\">\n\t\t\t\t<div class=\"elementor-widget-container\">\n\t\t\t\t\t\t\t<div class=\"elementor-icon-box-wrapper\">\n\n\t\t\t\t\t\t<div class=\"elementor-icon-box-icon\">\n\t\t\t\t<span  class=\"elementor-icon\">\n\t\t\t\t<svg aria-hidden=\"true\" class=\"e-font-icon-svg e-fas-user-check\" viewBox=\"0 0 640 512\" xmlns=\"http:\/\/www.w3.org\/2000\/svg\"><path d=\"M224 256c70.7 0 128-57.3 128-128S294.7 0 224 0 96 57.3 96 128s57.3 128 128 128zm89.6 32h-16.7c-22.2 10.2-46.9 16-72.9 16s-50.6-5.8-72.9-16h-16.7C60.2 288 0 348.2 0 422.4V464c0 26.5 21.5 48 48 48h352c26.5 0 48-21.5 48-48v-41.6c0-74.2-60.2-134.4-134.4-134.4zm323-128.4l-27.8-28.1c-4.6-4.7-12.1-4.7-16.8-.1l-104.8 104-45.5-45.8c-4.6-4.7-12.1-4.7-16.8-.1l-28.1 27.9c-4.7 4.6-4.7 12.1-.1 16.8l81.7 82.3c4.6 4.7 12.1 4.7 16.8.1l141.3-140.2c4.6-4.7 4.7-12.2.1-16.8z\"><\/path><\/svg>\t\t\t\t<\/span>\n\t\t\t<\/div>\n\t\t\t\n\t\t\t\t\t\t<div class=\"elementor-icon-box-content\">\n\n\t\t\t\t\t\t\t\t\t<h3 class=\"elementor-icon-box-title\">\n\t\t\t\t\t\t<span  >\n\t\t\t\t\t\t\tTeam som vill utforska AI utan teknisk komplexitet\t\t\t\t\t\t<\/span>\n\t\t\t\t\t<\/h3>\n\t\t\t\t\n\t\t\t\t\n\t\t\t<\/div>\n\t\t\t\n\t\t<\/div>\n\t\t\t\t\t\t<\/div>\n\t\t\t\t<\/div>\n\t\t\t\t<\/div>\n\t\t<div class=\"elementor-element elementor-element-450ca35d e-con-full e-flex e-con e-child\" data-id=\"450ca35d\" data-element_type=\"container\">\n\t\t\t\t<div class=\"elementor-element elementor-element-1d454a2b elementor-view-default elementor-position-top elementor-mobile-position-top elementor-widget elementor-widget-icon-box\" data-id=\"1d454a2b\" data-element_type=\"widget\" data-widget_type=\"icon-box.default\">\n\t\t\t\t<div class=\"elementor-widget-container\">\n\t\t\t\t\t\t\t<div class=\"elementor-icon-box-wrapper\">\n\n\t\t\t\t\t\t<div class=\"elementor-icon-box-icon\">\n\t\t\t\t<span  class=\"elementor-icon\">\n\t\t\t\t<svg aria-hidden=\"true\" class=\"e-font-icon-svg e-fas-search\" viewBox=\"0 0 512 512\" xmlns=\"http:\/\/www.w3.org\/2000\/svg\"><path d=\"M505 442.7L405.3 343c-4.5-4.5-10.6-7-17-7H372c27.6-35.3 44-79.7 44-128C416 93.1 322.9 0 208 0S0 93.1 0 208s93.1 208 208 208c48.3 0 92.7-16.4 128-44v16.3c0 6.4 2.5 12.5 7 17l99.7 99.7c9.4 9.4 24.6 9.4 33.9 0l28.3-28.3c9.4-9.4 9.4-24.6.1-34zM208 336c-70.7 0-128-57.2-128-128 0-70.7 57.2-128 128-128 70.7 0 128 57.2 128 128 0 70.7-57.2 128-128 128z\"><\/path><\/svg>\t\t\t\t<\/span>\n\t\t\t<\/div>\n\t\t\t\n\t\t\t\t\t\t<div class=\"elementor-icon-box-content\">\n\n\t\t\t\t\t\t\t\t\t<h3 class=\"elementor-icon-box-title\">\n\t\t\t\t\t\t<span  >\n\t\t\t\t\t\t\tAlla som \u00e4r nyfikna p\u00e5 hur AI kan g\u00f6ra deras arbete enklare och mer effektivt\t\t\t\t\t\t<\/span>\n\t\t\t\t\t<\/h3>\n\t\t\t\t\n\t\t\t\t\n\t\t\t<\/div>\n\t\t\t\n\t\t<\/div>\n\t\t\t\t\t\t<\/div>\n\t\t\t\t<\/div>\n\t\t\t\t<\/div>\n\t\t\t\t\t<\/div>\n\t\t\t\t<\/div>\n\t\t<div class=\"elementor-element elementor-element-f7ad654 e-flex e-con-boxed e-con e-parent\" data-id=\"f7ad654\" data-element_type=\"container\">\n\t\t\t\t\t<div class=\"e-con-inner\">\n\t\t\t\t\t<\/div>\n\t\t\t\t<\/div>\n\t\t\t\t<\/div>\n\t\t","protected":false},"excerpt":{"rendered":"<p>Generativ AI-utbildning Generativ AI \u00e4r en typ av artificiell intelligens som kan skapa nytt inneh\u00e5ll som text, bilder, ljud eller till och med kod. Ist\u00e4llet f\u00f6r att bara analysera befintlig data genererar den originellt resultat baserat p\u00e5 vad den har l\u00e4rt sig fr\u00e5n stora datam\u00e4ngder. Verktyg som ChatGPT, DALL\u00b7E och Midjourney \u00e4r exempel p\u00e5 generativ [&hellip;]<\/p>\n","protected":false},"author":1,"featured_media":0,"parent":5287,"menu_order":0,"comment_status":"closed","ping_status":"closed","template":"","meta":{"content-type":"","footnotes":""},"class_list":["post-5271","page","type-page","status-publish","hentry"],"yoast_head":"<!-- This site is optimized with the Yoast SEO plugin v25.8 - https:\/\/yoast.com\/wordpress\/plugins\/seo\/ -->\n<title>Generativ AI-utbildning \u2013 Hello AI \u2013 Praktiska AI-kurser<\/title>\n<meta name=\"robots\" content=\"index, follow, max-snippet:-1, max-image-preview:large, max-video-preview:-1\" \/>\n<link rel=\"canonical\" href=\"https:\/\/hello-ai.eu\/sv\/ai-kurs\/generativ-ai-utbildning\/\" \/>\n<meta property=\"og:locale\" content=\"sv_SE\" \/>\n<meta property=\"og:type\" content=\"article\" \/>\n<meta property=\"og:title\" content=\"Generativ AI-utbildning \u2013 Hello AI \u2013 Praktiska AI-kurser\" \/>\n<meta property=\"og:description\" content=\"Generativ AI-utbildning Generativ AI \u00e4r en typ av artificiell intelligens som kan skapa nytt inneh\u00e5ll som text, bilder, ljud eller till och med kod. Ist\u00e4llet f\u00f6r att bara analysera befintlig data genererar den originellt resultat baserat p\u00e5 vad den har l\u00e4rt sig fr\u00e5n stora datam\u00e4ngder. Verktyg som ChatGPT, DALL\u00b7E och Midjourney \u00e4r exempel p\u00e5 generativ [&hellip;]\" \/>\n<meta property=\"og:url\" content=\"https:\/\/hello-ai.eu\/sv\/ai-kurs\/generativ-ai-utbildning\/\" \/>\n<meta property=\"og:site_name\" content=\"Hello AI\" \/>\n<meta property=\"article:modified_time\" content=\"2025-12-05T10:15:45+00:00\" \/>\n<meta property=\"og:image\" content=\"https:\/\/hello-ai.eu\/wp-content\/uploads\/2025\/08\/cursus-AI-scaled.webp\" \/>\n\t<meta property=\"og:image:width\" content=\"2560\" \/>\n\t<meta property=\"og:image:height\" content=\"1707\" \/>\n\t<meta property=\"og:image:type\" content=\"image\/webp\" \/>\n<meta name=\"twitter:card\" content=\"summary_large_image\" \/>\n<meta name=\"twitter:label1\" content=\"Ber\u00e4knad l\u00e4stid\" \/>\n\t<meta name=\"twitter:data1\" content=\"2 minuter\" \/>\n<script type=\"application\/ld+json\" class=\"yoast-schema-graph\">{\"@context\":\"https:\/\/schema.org\",\"@graph\":[{\"@type\":\"WebPage\",\"@id\":\"https:\/\/hello-ai.eu\/sv\/ai-kurs\/generativ-ai-utbildning\/\",\"url\":\"https:\/\/hello-ai.eu\/sv\/ai-kurs\/generativ-ai-utbildning\/\",\"name\":\"Generativ AI-utbildning \u2013 Hello AI \u2013 Praktiska AI-kurser\",\"isPartOf\":{\"@id\":\"https:\/\/hello-ai.eu\/sv\/#website\"},\"primaryImageOfPage\":{\"@id\":\"https:\/\/hello-ai.eu\/sv\/ai-kurs\/generativ-ai-utbildning\/#primaryimage\"},\"image\":{\"@id\":\"https:\/\/hello-ai.eu\/sv\/ai-kurs\/generativ-ai-utbildning\/#primaryimage\"},\"thumbnailUrl\":\"https:\/\/hello-ai.eu\/wp-content\/uploads\/2025\/08\/cursus-AI-scaled.webp\",\"datePublished\":\"2025-08-21T14:10:20+00:00\",\"dateModified\":\"2025-12-05T10:15:45+00:00\",\"breadcrumb\":{\"@id\":\"https:\/\/hello-ai.eu\/sv\/ai-kurs\/generativ-ai-utbildning\/#breadcrumb\"},\"inLanguage\":\"sv-SE\",\"potentialAction\":[{\"@type\":\"ReadAction\",\"target\":[\"https:\/\/hello-ai.eu\/sv\/ai-kurs\/generativ-ai-utbildning\/\"]}]},{\"@type\":\"ImageObject\",\"inLanguage\":\"sv-SE\",\"@id\":\"https:\/\/hello-ai.eu\/sv\/ai-kurs\/generativ-ai-utbildning\/#primaryimage\",\"url\":\"https:\/\/hello-ai.eu\/wp-content\/uploads\/2025\/08\/cursus-AI-scaled.webp\",\"contentUrl\":\"https:\/\/hello-ai.eu\/wp-content\/uploads\/2025\/08\/cursus-AI-scaled.webp\"},{\"@type\":\"BreadcrumbList\",\"@id\":\"https:\/\/hello-ai.eu\/sv\/ai-kurs\/generativ-ai-utbildning\/#breadcrumb\",\"itemListElement\":[{\"@type\":\"ListItem\",\"position\":1,\"name\":\"Home\",\"item\":\"https:\/\/hello-ai.eu\/sv\/hem\/\"},{\"@type\":\"ListItem\",\"position\":2,\"name\":\"AI-kurs\",\"item\":\"https:\/\/hello-ai.eu\/sv\/ai-kurs\/\"},{\"@type\":\"ListItem\",\"position\":3,\"name\":\"Generativ AI-utbildning\"}]},{\"@type\":\"WebSite\",\"@id\":\"https:\/\/hello-ai.eu\/sv\/#website\",\"url\":\"https:\/\/hello-ai.eu\/sv\/\",\"name\":\"Hello AI\",\"description\":\"AI technology &amp; Training\",\"publisher\":{\"@id\":\"https:\/\/hello-ai.eu\/sv\/#organization\"},\"potentialAction\":[{\"@type\":\"SearchAction\",\"target\":{\"@type\":\"EntryPoint\",\"urlTemplate\":\"https:\/\/hello-ai.eu\/sv\/?s={search_term_string}\"},\"query-input\":{\"@type\":\"PropertyValueSpecification\",\"valueRequired\":true,\"valueName\":\"search_term_string\"}}],\"inLanguage\":\"sv-SE\"},{\"@type\":\"Organization\",\"@id\":\"https:\/\/hello-ai.eu\/sv\/#organization\",\"name\":\"Hello AI\",\"url\":\"https:\/\/hello-ai.eu\/sv\/\",\"logo\":{\"@type\":\"ImageObject\",\"inLanguage\":\"sv-SE\",\"@id\":\"https:\/\/hello-ai.eu\/sv\/#\/schema\/logo\/image\/\",\"url\":\"https:\/\/hello-ai.eu\/wp-content\/uploads\/2025\/09\/hello-ai-nieuw-2-kopie-e1757591526247.png\",\"contentUrl\":\"https:\/\/hello-ai.eu\/wp-content\/uploads\/2025\/09\/hello-ai-nieuw-2-kopie-e1757591526247.png\",\"width\":1583,\"height\":504,\"caption\":\"Hello AI\"},\"image\":{\"@id\":\"https:\/\/hello-ai.eu\/sv\/#\/schema\/logo\/image\/\"}}]}<\/script>\n<!-- \/ Yoast SEO plugin. -->","yoast_head_json":{"title":"Generativ AI-utbildning \u2013 Hello AI \u2013 Praktiska AI-kurser","robots":{"index":"index","follow":"follow","max-snippet":"max-snippet:-1","max-image-preview":"max-image-preview:large","max-video-preview":"max-video-preview:-1"},"canonical":"https:\/\/hello-ai.eu\/sv\/ai-kurs\/generativ-ai-utbildning\/","og_locale":"sv_SE","og_type":"article","og_title":"Generativ AI-utbildning \u2013 Hello AI \u2013 Praktiska AI-kurser","og_description":"Generativ AI-utbildning Generativ AI \u00e4r en typ av artificiell intelligens som kan skapa nytt inneh\u00e5ll som text, bilder, ljud eller till och med kod. Ist\u00e4llet f\u00f6r att bara analysera befintlig data genererar den originellt resultat baserat p\u00e5 vad den har l\u00e4rt sig fr\u00e5n stora datam\u00e4ngder. Verktyg som ChatGPT, DALL\u00b7E och Midjourney \u00e4r exempel p\u00e5 generativ [&hellip;]","og_url":"https:\/\/hello-ai.eu\/sv\/ai-kurs\/generativ-ai-utbildning\/","og_site_name":"Hello AI","article_modified_time":"2025-12-05T10:15:45+00:00","og_image":[{"width":2560,"height":1707,"url":"https:\/\/hello-ai.eu\/wp-content\/uploads\/2025\/08\/cursus-AI-scaled.webp","type":"image\/webp"}],"twitter_card":"summary_large_image","twitter_misc":{"Ber\u00e4knad l\u00e4stid":"2 minuter"},"schema":{"@context":"https:\/\/schema.org","@graph":[{"@type":"WebPage","@id":"https:\/\/hello-ai.eu\/sv\/ai-kurs\/generativ-ai-utbildning\/","url":"https:\/\/hello-ai.eu\/sv\/ai-kurs\/generativ-ai-utbildning\/","name":"Generativ AI-utbildning \u2013 Hello AI \u2013 Praktiska AI-kurser","isPartOf":{"@id":"https:\/\/hello-ai.eu\/sv\/#website"},"primaryImageOfPage":{"@id":"https:\/\/hello-ai.eu\/sv\/ai-kurs\/generativ-ai-utbildning\/#primaryimage"},"image":{"@id":"https:\/\/hello-ai.eu\/sv\/ai-kurs\/generativ-ai-utbildning\/#primaryimage"},"thumbnailUrl":"https:\/\/hello-ai.eu\/wp-content\/uploads\/2025\/08\/cursus-AI-scaled.webp","datePublished":"2025-08-21T14:10:20+00:00","dateModified":"2025-12-05T10:15:45+00:00","breadcrumb":{"@id":"https:\/\/hello-ai.eu\/sv\/ai-kurs\/generativ-ai-utbildning\/#breadcrumb"},"inLanguage":"sv-SE","potentialAction":[{"@type":"ReadAction","target":["https:\/\/hello-ai.eu\/sv\/ai-kurs\/generativ-ai-utbildning\/"]}]},{"@type":"ImageObject","inLanguage":"sv-SE","@id":"https:\/\/hello-ai.eu\/sv\/ai-kurs\/generativ-ai-utbildning\/#primaryimage","url":"https:\/\/hello-ai.eu\/wp-content\/uploads\/2025\/08\/cursus-AI-scaled.webp","contentUrl":"https:\/\/hello-ai.eu\/wp-content\/uploads\/2025\/08\/cursus-AI-scaled.webp"},{"@type":"BreadcrumbList","@id":"https:\/\/hello-ai.eu\/sv\/ai-kurs\/generativ-ai-utbildning\/#breadcrumb","itemListElement":[{"@type":"ListItem","position":1,"name":"Home","item":"https:\/\/hello-ai.eu\/sv\/hem\/"},{"@type":"ListItem","position":2,"name":"AI-kurs","item":"https:\/\/hello-ai.eu\/sv\/ai-kurs\/"},{"@type":"ListItem","position":3,"name":"Generativ AI-utbildning"}]},{"@type":"WebSite","@id":"https:\/\/hello-ai.eu\/sv\/#website","url":"https:\/\/hello-ai.eu\/sv\/","name":"Hello AI","description":"AI technology &amp; Training","publisher":{"@id":"https:\/\/hello-ai.eu\/sv\/#organization"},"potentialAction":[{"@type":"SearchAction","target":{"@type":"EntryPoint","urlTemplate":"https:\/\/hello-ai.eu\/sv\/?s={search_term_string}"},"query-input":{"@type":"PropertyValueSpecification","valueRequired":true,"valueName":"search_term_string"}}],"inLanguage":"sv-SE"},{"@type":"Organization","@id":"https:\/\/hello-ai.eu\/sv\/#organization","name":"Hello AI","url":"https:\/\/hello-ai.eu\/sv\/","logo":{"@type":"ImageObject","inLanguage":"sv-SE","@id":"https:\/\/hello-ai.eu\/sv\/#\/schema\/logo\/image\/","url":"https:\/\/hello-ai.eu\/wp-content\/uploads\/2025\/09\/hello-ai-nieuw-2-kopie-e1757591526247.png","contentUrl":"https:\/\/hello-ai.eu\/wp-content\/uploads\/2025\/09\/hello-ai-nieuw-2-kopie-e1757591526247.png","width":1583,"height":504,"caption":"Hello AI"},"image":{"@id":"https:\/\/hello-ai.eu\/sv\/#\/schema\/logo\/image\/"}}]}},"_links":{"self":[{"href":"https:\/\/hello-ai.eu\/sv\/wp-json\/wp\/v2\/pages\/5271","targetHints":{"allow":["GET"]}}],"collection":[{"href":"https:\/\/hello-ai.eu\/sv\/wp-json\/wp\/v2\/pages"}],"about":[{"href":"https:\/\/hello-ai.eu\/sv\/wp-json\/wp\/v2\/types\/page"}],"author":[{"embeddable":true,"href":"https:\/\/hello-ai.eu\/sv\/wp-json\/wp\/v2\/users\/1"}],"replies":[{"embeddable":true,"href":"https:\/\/hello-ai.eu\/sv\/wp-json\/wp\/v2\/comments?post=5271"}],"version-history":[{"count":1,"href":"https:\/\/hello-ai.eu\/sv\/wp-json\/wp\/v2\/pages\/5271\/revisions"}],"predecessor-version":[{"id":5272,"href":"https:\/\/hello-ai.eu\/sv\/wp-json\/wp\/v2\/pages\/5271\/revisions\/5272"}],"up":[{"embeddable":true,"href":"https:\/\/hello-ai.eu\/sv\/wp-json\/wp\/v2\/pages\/5287"}],"wp:attachment":[{"href":"https:\/\/hello-ai.eu\/sv\/wp-json\/wp\/v2\/media?parent=5271"}],"curies":[{"name":"wp","href":"https:\/\/api.w.org\/{rel}","templated":true}]}}