{"id":2537,"date":"2025-06-20T12:02:21","date_gmt":"2025-06-20T12:02:21","guid":{"rendered":"https:\/\/hello-ai.eu\/contacte-con-nosotros\/"},"modified":"2025-10-08T20:05:44","modified_gmt":"2025-10-08T20:05:44","slug":"contacte-con-nosotros","status":"publish","type":"page","link":"https:\/\/hello-ai.eu\/es\/contacte-con-nosotros\/","title":{"rendered":"Contacte con nosotros"},"content":{"rendered":"\t\t<div data-elementor-type=\"wp-page\" data-elementor-id=\"2537\" class=\"elementor elementor-2537 elementor-143\" data-elementor-post-type=\"page\">\n\t\t\t\t<div class=\"elementor-element elementor-element-4de53545 e-flex e-con-boxed e-con e-parent\" data-id=\"4de53545\" data-element_type=\"container\" data-settings=\"{&quot;background_background&quot;:&quot;gradient&quot;,&quot;shape_divider_bottom&quot;:&quot;waves&quot;}\">\n\t\t\t\t\t<div class=\"e-con-inner\">\n\t\t\t\t<div class=\"elementor-shape elementor-shape-bottom\" aria-hidden=\"true\" data-negative=\"false\">\n\t\t\t<svg xmlns=\"http:\/\/www.w3.org\/2000\/svg\" viewBox=\"0 0 1000 100\" preserveAspectRatio=\"none\">\n\t<path class=\"elementor-shape-fill\" d=\"M421.9,6.5c22.6-2.5,51.5,0.4,75.5,5.3c23.6,4.9,70.9,23.5,100.5,35.7c75.8,32.2,133.7,44.5,192.6,49.7\n\tc23.6,2.1,48.7,3.5,103.4-2.5c54.7-6,106.2-25.6,106.2-25.6V0H0v30.3c0,0,72,32.6,158.4,30.5c39.2-0.7,92.8-6.7,134-22.4\n\tc21.2-8.1,52.2-18.2,79.7-24.2C399.3,7.9,411.6,7.5,421.9,6.5z\"\/>\n<\/svg>\t\t<\/div>\n\t\t\t\t<div class=\"elementor-element elementor-element-325050be elementor-widget elementor-widget-heading\" data-id=\"325050be\" data-element_type=\"widget\" data-widget_type=\"heading.default\">\n\t\t\t\t<div class=\"elementor-widget-container\">\n\t\t\t\t\t<h1 class=\"elementor-heading-title elementor-size-default\">Contacte con nosotros<\/h1>\t\t\t\t<\/div>\n\t\t\t\t<\/div>\n\t\t\t\t<div class=\"elementor-element elementor-element-77f700e9 elementor-widget elementor-widget-heading\" data-id=\"77f700e9\" data-element_type=\"widget\" data-widget_type=\"heading.default\">\n\t\t\t\t<div class=\"elementor-widget-container\">\n\t\t\t\t\t<h3 class=\"elementor-heading-title elementor-size-default\">Estamos encantados de ayudarle<\/h3>\t\t\t\t<\/div>\n\t\t\t\t<\/div>\n\t\t\t\t\t<\/div>\n\t\t\t\t<\/div>\n\t\t<div class=\"elementor-element elementor-element-b1f01f e-flex e-con-boxed e-con e-parent\" data-id=\"b1f01f\" data-element_type=\"container\" data-settings=\"{&quot;background_background&quot;:&quot;classic&quot;}\">\n\t\t\t\t\t<div class=\"e-con-inner\">\n\t\t<div class=\"elementor-element elementor-element-628844aa e-con-full e-flex e-con e-child\" data-id=\"628844aa\" data-element_type=\"container\" data-settings=\"{&quot;background_background&quot;:&quot;classic&quot;,&quot;motion_fx_motion_fx_scrolling&quot;:&quot;yes&quot;,&quot;motion_fx_translateY_effect&quot;:&quot;yes&quot;,&quot;motion_fx_translateY_direction&quot;:&quot;negative&quot;,&quot;motion_fx_translateY_speed&quot;:{&quot;unit&quot;:&quot;px&quot;,&quot;size&quot;:&quot;1&quot;,&quot;sizes&quot;:[]},&quot;motion_fx_devices&quot;:[&quot;desktop&quot;,&quot;tablet&quot;],&quot;motion_fx_translateY_affectedRange&quot;:{&quot;unit&quot;:&quot;%&quot;,&quot;size&quot;:&quot;&quot;,&quot;sizes&quot;:{&quot;start&quot;:0,&quot;end&quot;:100}}}\">\n\t\t\t\t<div class=\"elementor-element elementor-element-367e8a32 elementor-widget elementor-widget-heading\" data-id=\"367e8a32\" data-element_type=\"widget\" data-widget_type=\"heading.default\">\n\t\t\t\t<div class=\"elementor-widget-container\">\n\t\t\t\t\t<h2 class=\"elementor-heading-title elementor-size-default\">\u00bfLe gustar\u00eda saber m\u00e1s? <br>Por favor, rellene el formulario.<\/h2>\t\t\t\t<\/div>\n\t\t\t\t<\/div>\n\t\t\t\t<div class=\"elementor-element elementor-element-36c40604 elementor-button-align-end elementor-widget elementor-widget-form\" data-id=\"36c40604\" data-element_type=\"widget\" data-settings=\"{&quot;step_next_label&quot;:&quot;Siguiente&quot;,&quot;step_previous_label&quot;:&quot;Anterior&quot;,&quot;button_width&quot;:&quot;100&quot;,&quot;step_type&quot;:&quot;number_text&quot;,&quot;step_icon_shape&quot;:&quot;circle&quot;}\" data-widget_type=\"form.default\">\n\t\t\t\t<div class=\"elementor-widget-container\">\n\t\t\t\t\t\t\t<form class=\"elementor-form\" method=\"post\" name=\"Nuevo formulario\" aria-label=\"Nuevo formulario\">\n\t\t\t<input type=\"hidden\" name=\"post_id\" value=\"2537\"\/>\n\t\t\t<input type=\"hidden\" name=\"form_id\" value=\"36c40604\"\/>\n\t\t\t<input type=\"hidden\" name=\"referer_title\" value=\"Contacte con nosotros - Hello AI\" \/>\n\n\t\t\t\t\t\t\t<input type=\"hidden\" name=\"queried_id\" value=\"2537\"\/>\n\t\t\t\n\t\t\t<div class=\"elementor-form-fields-wrapper elementor-labels-\">\n\t\t\t\t\t\t\t\t<div class=\"elementor-field-type-text elementor-field-group elementor-column elementor-field-group-name elementor-col-100\">\n\t\t\t\t\t\t\t\t\t\t\t\t<label for=\"form-field-name\" class=\"elementor-field-label elementor-screen-only\">\n\t\t\t\t\t\t\t\tNombre completo\t\t\t\t\t\t\t<\/label>\n\t\t\t\t\t\t\t\t\t\t\t\t\t\t<input size=\"1\" type=\"text\" name=\"form_fields[name]\" id=\"form-field-name\" class=\"elementor-field elementor-size-md  elementor-field-textual\" placeholder=\"Nombre completo\">\n\t\t\t\t\t\t\t\t\t\t\t<\/div>\n\t\t\t\t\t\t\t\t<div class=\"elementor-field-type-text elementor-field-group elementor-column elementor-field-group-field_6574ec2 elementor-col-100\">\n\t\t\t\t\t\t\t\t\t\t\t\t<label for=\"form-field-field_6574ec2\" class=\"elementor-field-label elementor-screen-only\">\n\t\t\t\t\t\t\t\tNombre de la empresa\t\t\t\t\t\t\t<\/label>\n\t\t\t\t\t\t\t\t\t\t\t\t\t\t<input size=\"1\" type=\"text\" name=\"form_fields[field_6574ec2]\" id=\"form-field-field_6574ec2\" class=\"elementor-field elementor-size-md  elementor-field-textual\" placeholder=\"Nombre de la empresa\">\n\t\t\t\t\t\t\t\t\t\t\t<\/div>\n\t\t\t\t\t\t\t\t<div class=\"elementor-field-type-tel elementor-field-group elementor-column elementor-field-group-email elementor-col-100 elementor-field-required\">\n\t\t\t\t\t\t\t\t\t\t\t\t<label for=\"form-field-email\" class=\"elementor-field-label elementor-screen-only\">\n\t\t\t\t\t\t\t\tTel\u00e9fono\t\t\t\t\t\t\t<\/label>\n\t\t\t\t\t\t\t\t<input size=\"1\" type=\"tel\" name=\"form_fields[email]\" id=\"form-field-email\" class=\"elementor-field elementor-size-md  elementor-field-textual\" placeholder=\"Tel\u00e9fono\" required=\"required\" pattern=\"[0-9()#&amp;+*-=.]+\" title=\"Solo se aceptan n\u00fameros y caracteres de tel\u00e9fono (#,-,*,etc).\">\n\n\t\t\t\t\t\t<\/div>\n\t\t\t\t\t\t\t\t<div class=\"elementor-field-type-email elementor-field-group elementor-column elementor-field-group-field_1 elementor-col-100 elementor-field-required\">\n\t\t\t\t\t\t\t\t\t\t\t\t<label for=\"form-field-field_1\" class=\"elementor-field-label elementor-screen-only\">\n\t\t\t\t\t\t\t\tCorreo electr\u00f3nico\t\t\t\t\t\t\t<\/label>\n\t\t\t\t\t\t\t\t\t\t\t\t\t\t<input size=\"1\" type=\"email\" name=\"form_fields[field_1]\" id=\"form-field-field_1\" class=\"elementor-field elementor-size-md  elementor-field-textual\" placeholder=\"Correo electr\u00f3nico\" required=\"required\">\n\t\t\t\t\t\t\t\t\t\t\t<\/div>\n\t\t\t\t\t\t\t\t<div class=\"elementor-field-type-textarea elementor-field-group elementor-column elementor-field-group-message elementor-col-100\">\n\t\t\t\t\t\t\t\t\t\t\t\t<label for=\"form-field-message\" class=\"elementor-field-label elementor-screen-only\">\n\t\t\t\t\t\t\t\tEscr\u00edbenos\t\t\t\t\t\t\t<\/label>\n\t\t\t\t\t\t<textarea class=\"elementor-field-textual elementor-field  elementor-size-md\" name=\"form_fields[message]\" id=\"form-field-message\" rows=\"4\" placeholder=\"Mensaje\"><\/textarea>\t\t\t\t<\/div>\n\t\t\t\t\t\t\t\t<div class=\"elementor-field-type-recaptcha_v3 elementor-field-group elementor-column elementor-field-group-field_a8fe9f5 elementor-col-100 recaptcha_v3-bottomright\">\n\t\t\t\t\t<div class=\"elementor-field\" id=\"form-field-field_a8fe9f5\"><div class=\"elementor-g-recaptcha\" data-sitekey=\"6LchH9QrAAAAAK5oJFpjwyn0HS7DicqKPhE61F0z\" data-type=\"v3\" data-action=\"Form\" data-badge=\"bottomright\" data-size=\"invisible\"><\/div><\/div>\t\t\t\t<\/div>\n\t\t\t\t\t\t\t\t<div class=\"elementor-field-group elementor-column elementor-field-type-submit elementor-col-100 e-form__buttons\">\n\t\t\t\t\t<button class=\"elementor-button elementor-size-md\" type=\"submit\">\n\t\t\t\t\t\t<span class=\"elementor-button-content-wrapper\">\n\t\t\t\t\t\t\t\t\t\t\t\t\t\t\t<span class=\"elementor-button-icon\">\n\t\t\t\t\t\t\t\t\t<svg aria-hidden=\"true\" class=\"e-font-icon-svg e-fas-arrow-right\" viewBox=\"0 0 448 512\" xmlns=\"http:\/\/www.w3.org\/2000\/svg\"><path d=\"M190.5 66.9l22.2-22.2c9.4-9.4 24.6-9.4 33.9 0L441 239c9.4 9.4 9.4 24.6 0 33.9L246.6 467.3c-9.4 9.4-24.6 9.4-33.9 0l-22.2-22.2c-9.5-9.5-9.3-25 .4-34.3L311.4 296H24c-13.3 0-24-10.7-24-24v-32c0-13.3 10.7-24 24-24h287.4L190.9 101.2c-9.8-9.3-10-24.8-.4-34.3z\"><\/path><\/svg>\t\t\t\t\t\t\t\t\t\t\t\t\t\t\t\t\t<\/span>\n\t\t\t\t\t\t\t\t\t\t\t\t\t\t\t\t\t\t\t\t\t\t<span class=\"elementor-button-text\">Enviar<\/span>\n\t\t\t\t\t\t\t\t\t\t\t\t\t<\/span>\n\t\t\t\t\t<\/button>\n\t\t\t\t<\/div>\n\t\t\t<\/div>\n\t\t<\/form>\n\t\t\t\t\t\t<\/div>\n\t\t\t\t<\/div>\n\t\t\t\t<\/div>\n\t\t<div class=\"elementor-element elementor-element-d15acb3 e-con-full e-flex e-con e-child\" data-id=\"d15acb3\" data-element_type=\"container\" data-settings=\"{&quot;background_background&quot;:&quot;classic&quot;,&quot;motion_fx_motion_fx_scrolling&quot;:&quot;yes&quot;,&quot;motion_fx_translateY_effect&quot;:&quot;yes&quot;,&quot;motion_fx_translateY_direction&quot;:&quot;negative&quot;,&quot;motion_fx_translateY_speed&quot;:{&quot;unit&quot;:&quot;px&quot;,&quot;size&quot;:&quot;1&quot;,&quot;sizes&quot;:[]},&quot;motion_fx_devices&quot;:[&quot;desktop&quot;,&quot;tablet&quot;],&quot;motion_fx_translateY_affectedRange&quot;:{&quot;unit&quot;:&quot;%&quot;,&quot;size&quot;:&quot;&quot;,&quot;sizes&quot;:{&quot;start&quot;:0,&quot;end&quot;:100}}}\">\n\t\t\t\t<div class=\"elementor-element elementor-element-3e837a3 elementor-widget elementor-widget-text-editor\" data-id=\"3e837a3\" data-element_type=\"widget\" data-widget_type=\"text-editor.default\">\n\t\t\t\t<div class=\"elementor-widget-container\">\n\t\t\t\t\t\t\t\t\t<h2>Informaci\u00f3n de contacto<\/h2>\t\t\t\t\t\t\t\t<\/div>\n\t\t\t\t<\/div>\n\t\t\t\t<div class=\"elementor-element elementor-element-b9fd7be elementor-widget elementor-widget-text-editor\" data-id=\"b9fd7be\" data-element_type=\"widget\" data-widget_type=\"text-editor.default\">\n\t\t\t\t<div class=\"elementor-widget-container\">\n\t\t\t\t\t\t\t\t\t<h4><strong>Hello AI b.v.<\/strong><\/h4><p>Bredaseweg 108a<br>4902 NS Oosterhout<br>Pa\u00edses Bajos<strong><br>Tel.: <a href=\"tel:0031162249036\">+31 (0)162-249036<\/a><br><strong>Correo electr\u00f3nico:<\/strong> <a href=\"mailto:info@hello-ai.eu\">info@hello-ai.eu<\/a><\/strong><\/p>\t\t\t\t\t\t\t\t<\/div>\n\t\t\t\t<\/div>\n\t\t\t\t<\/div>\n\t\t\t\t\t<\/div>\n\t\t\t\t<\/div>\n\t\t\t\t<\/div>\n\t\t","protected":false},"excerpt":{"rendered":"<p>Contacte con nosotros Estamos encantados de ayudarle \u00bfLe gustar\u00eda saber m\u00e1s? Por favor, rellene el formulario. Informaci\u00f3n de contacto Hello AI b.v. Bredaseweg 108a4902 NS OosterhoutPa\u00edses BajosTel.: +31 (0)162-249036Correo electr\u00f3nico: info@hello-ai.eu<\/p>\n","protected":false},"author":1,"featured_media":0,"parent":0,"menu_order":0,"comment_status":"closed","ping_status":"closed","template":"elementor_header_footer","meta":{"content-type":"","footnotes":""},"class_list":["post-2537","page","type-page","status-publish","hentry"],"yoast_head":"<!-- This site is optimized with the Yoast SEO plugin v25.8 - https:\/\/yoast.com\/wordpress\/plugins\/seo\/ -->\n<title>Contacte con nosotros - Hello AI<\/title>\n<meta name=\"robots\" content=\"index, follow, max-snippet:-1, max-image-preview:large, max-video-preview:-1\" \/>\n<link rel=\"canonical\" href=\"https:\/\/hello-ai.eu\/es\/contacte-con-nosotros\/\" \/>\n<meta property=\"og:locale\" content=\"es_ES\" \/>\n<meta property=\"og:type\" content=\"article\" \/>\n<meta property=\"og:title\" content=\"Contacte con nosotros - Hello AI\" \/>\n<meta property=\"og:description\" content=\"Contacte con nosotros Estamos encantados de ayudarle \u00bfLe gustar\u00eda saber m\u00e1s? Por favor, rellene el formulario. Informaci\u00f3n de contacto Hello AI b.v. Bredaseweg 108a4902 NS OosterhoutPa\u00edses BajosTel.: +31 (0)162-249036Correo electr\u00f3nico: info@hello-ai.eu\" \/>\n<meta property=\"og:url\" content=\"https:\/\/hello-ai.eu\/es\/contacte-con-nosotros\/\" \/>\n<meta property=\"og:site_name\" content=\"Hello AI\" \/>\n<meta property=\"article:modified_time\" content=\"2025-10-08T20:05:44+00:00\" \/>\n<meta name=\"twitter:card\" content=\"summary_large_image\" \/>\n<script type=\"application\/ld+json\" class=\"yoast-schema-graph\">{\"@context\":\"https:\/\/schema.org\",\"@graph\":[{\"@type\":\"WebPage\",\"@id\":\"https:\/\/hello-ai.eu\/es\/contacte-con-nosotros\/\",\"url\":\"https:\/\/hello-ai.eu\/es\/contacte-con-nosotros\/\",\"name\":\"Contacte con nosotros - Hello AI\",\"isPartOf\":{\"@id\":\"https:\/\/hello-ai.eu\/es\/#website\"},\"datePublished\":\"2025-06-20T12:02:21+00:00\",\"dateModified\":\"2025-10-08T20:05:44+00:00\",\"breadcrumb\":{\"@id\":\"https:\/\/hello-ai.eu\/es\/contacte-con-nosotros\/#breadcrumb\"},\"inLanguage\":\"es\",\"potentialAction\":[{\"@type\":\"ReadAction\",\"target\":[\"https:\/\/hello-ai.eu\/es\/contacte-con-nosotros\/\"]}]},{\"@type\":\"BreadcrumbList\",\"@id\":\"https:\/\/hello-ai.eu\/es\/contacte-con-nosotros\/#breadcrumb\",\"itemListElement\":[{\"@type\":\"ListItem\",\"position\":1,\"name\":\"Home\",\"item\":\"https:\/\/hello-ai.eu\/es\/inicio\/\"},{\"@type\":\"ListItem\",\"position\":2,\"name\":\"Contacte con nosotros\"}]},{\"@type\":\"WebSite\",\"@id\":\"https:\/\/hello-ai.eu\/es\/#website\",\"url\":\"https:\/\/hello-ai.eu\/es\/\",\"name\":\"Hello AI\",\"description\":\"AI technology &amp; Training\",\"publisher\":{\"@id\":\"https:\/\/hello-ai.eu\/es\/#organization\"},\"potentialAction\":[{\"@type\":\"SearchAction\",\"target\":{\"@type\":\"EntryPoint\",\"urlTemplate\":\"https:\/\/hello-ai.eu\/es\/?s={search_term_string}\"},\"query-input\":{\"@type\":\"PropertyValueSpecification\",\"valueRequired\":true,\"valueName\":\"search_term_string\"}}],\"inLanguage\":\"es\"},{\"@type\":\"Organization\",\"@id\":\"https:\/\/hello-ai.eu\/es\/#organization\",\"name\":\"Hello AI\",\"url\":\"https:\/\/hello-ai.eu\/es\/\",\"logo\":{\"@type\":\"ImageObject\",\"inLanguage\":\"es\",\"@id\":\"https:\/\/hello-ai.eu\/es\/#\/schema\/logo\/image\/\",\"url\":\"https:\/\/hello-ai.eu\/wp-content\/uploads\/2025\/09\/hello-ai-nieuw-2-kopie-e1757591526247.png\",\"contentUrl\":\"https:\/\/hello-ai.eu\/wp-content\/uploads\/2025\/09\/hello-ai-nieuw-2-kopie-e1757591526247.png\",\"width\":1583,\"height\":504,\"caption\":\"Hello AI\"},\"image\":{\"@id\":\"https:\/\/hello-ai.eu\/es\/#\/schema\/logo\/image\/\"}}]}<\/script>\n<!-- \/ Yoast SEO plugin. -->","yoast_head_json":{"title":"Contacte con nosotros - Hello AI","robots":{"index":"index","follow":"follow","max-snippet":"max-snippet:-1","max-image-preview":"max-image-preview:large","max-video-preview":"max-video-preview:-1"},"canonical":"https:\/\/hello-ai.eu\/es\/contacte-con-nosotros\/","og_locale":"es_ES","og_type":"article","og_title":"Contacte con nosotros - Hello AI","og_description":"Contacte con nosotros Estamos encantados de ayudarle \u00bfLe gustar\u00eda saber m\u00e1s? Por favor, rellene el formulario. Informaci\u00f3n de contacto Hello AI b.v. Bredaseweg 108a4902 NS OosterhoutPa\u00edses BajosTel.: +31 (0)162-249036Correo electr\u00f3nico: info@hello-ai.eu","og_url":"https:\/\/hello-ai.eu\/es\/contacte-con-nosotros\/","og_site_name":"Hello AI","article_modified_time":"2025-10-08T20:05:44+00:00","twitter_card":"summary_large_image","schema":{"@context":"https:\/\/schema.org","@graph":[{"@type":"WebPage","@id":"https:\/\/hello-ai.eu\/es\/contacte-con-nosotros\/","url":"https:\/\/hello-ai.eu\/es\/contacte-con-nosotros\/","name":"Contacte con nosotros - Hello AI","isPartOf":{"@id":"https:\/\/hello-ai.eu\/es\/#website"},"datePublished":"2025-06-20T12:02:21+00:00","dateModified":"2025-10-08T20:05:44+00:00","breadcrumb":{"@id":"https:\/\/hello-ai.eu\/es\/contacte-con-nosotros\/#breadcrumb"},"inLanguage":"es","potentialAction":[{"@type":"ReadAction","target":["https:\/\/hello-ai.eu\/es\/contacte-con-nosotros\/"]}]},{"@type":"BreadcrumbList","@id":"https:\/\/hello-ai.eu\/es\/contacte-con-nosotros\/#breadcrumb","itemListElement":[{"@type":"ListItem","position":1,"name":"Home","item":"https:\/\/hello-ai.eu\/es\/inicio\/"},{"@type":"ListItem","position":2,"name":"Contacte con nosotros"}]},{"@type":"WebSite","@id":"https:\/\/hello-ai.eu\/es\/#website","url":"https:\/\/hello-ai.eu\/es\/","name":"Hello AI","description":"AI technology &amp; Training","publisher":{"@id":"https:\/\/hello-ai.eu\/es\/#organization"},"potentialAction":[{"@type":"SearchAction","target":{"@type":"EntryPoint","urlTemplate":"https:\/\/hello-ai.eu\/es\/?s={search_term_string}"},"query-input":{"@type":"PropertyValueSpecification","valueRequired":true,"valueName":"search_term_string"}}],"inLanguage":"es"},{"@type":"Organization","@id":"https:\/\/hello-ai.eu\/es\/#organization","name":"Hello AI","url":"https:\/\/hello-ai.eu\/es\/","logo":{"@type":"ImageObject","inLanguage":"es","@id":"https:\/\/hello-ai.eu\/es\/#\/schema\/logo\/image\/","url":"https:\/\/hello-ai.eu\/wp-content\/uploads\/2025\/09\/hello-ai-nieuw-2-kopie-e1757591526247.png","contentUrl":"https:\/\/hello-ai.eu\/wp-content\/uploads\/2025\/09\/hello-ai-nieuw-2-kopie-e1757591526247.png","width":1583,"height":504,"caption":"Hello AI"},"image":{"@id":"https:\/\/hello-ai.eu\/es\/#\/schema\/logo\/image\/"}}]}},"_links":{"self":[{"href":"https:\/\/hello-ai.eu\/es\/wp-json\/wp\/v2\/pages\/2537","targetHints":{"allow":["GET"]}}],"collection":[{"href":"https:\/\/hello-ai.eu\/es\/wp-json\/wp\/v2\/pages"}],"about":[{"href":"https:\/\/hello-ai.eu\/es\/wp-json\/wp\/v2\/types\/page"}],"author":[{"embeddable":true,"href":"https:\/\/hello-ai.eu\/es\/wp-json\/wp\/v2\/users\/1"}],"replies":[{"embeddable":true,"href":"https:\/\/hello-ai.eu\/es\/wp-json\/wp\/v2\/comments?post=2537"}],"version-history":[{"count":2,"href":"https:\/\/hello-ai.eu\/es\/wp-json\/wp\/v2\/pages\/2537\/revisions"}],"predecessor-version":[{"id":4169,"href":"https:\/\/hello-ai.eu\/es\/wp-json\/wp\/v2\/pages\/2537\/revisions\/4169"}],"wp:attachment":[{"href":"https:\/\/hello-ai.eu\/es\/wp-json\/wp\/v2\/media?parent=2537"}],"curies":[{"name":"wp","href":"https:\/\/api.w.org\/{rel}","templated":true}]}}